{"id":81,"date":"2024-11-05T11:56:55","date_gmt":"2024-11-05T11:56:55","guid":{"rendered":"https:\/\/migration.bilkent.edu.tr\/?page_id=81"},"modified":"2025-12-09T01:03:34","modified_gmt":"2025-12-09T01:03:34","slug":"law-413-european-union-law","status":"publish","type":"page","link":"https:\/\/migration.bilkent.edu.tr\/?page_id=81","title":{"rendered":"Law 413 European Union Law"},"content":{"rendered":"\n<p>Aim of the course is to offer a good knowledge of European Union Law as a basis for further studies on&nbsp;European integration. It includes both institutional and substantive aspects of EU Law, i.e. origins, historical evolution, institutions and competences of the EU, legislative procedures and sources of EU law, principles governing the relationship between national law and EU Law; main aspects of free movement of goods, workers, services and capital. Within the discussions of the substantive law, the students are also introduced with the area of freedom, security and justice also to prepare them for the second course of the Chair on European and International Migration Law. Students who successfully pass this course and other courses of the Chair are awarded a Jean-Monnet Certificate by Bilkent University. 3 hours\/week, fall semester, taught by Assoc. Prof. Dr. G\u00fcl\u00fcm \u00d6z\u00e7elik.&nbsp;<\/p>\n\n\n\n<p><\/p>\n\n\n\n<p><\/p>\n\n\n\n<p><strong>Student Sample Presentations: <\/strong><\/p>\n\n\n\n<p>Group 1 (Eda Naz Gezer, Azra Acar, \u00c7\u0131nar \u00d6\u011f\u00fct\u00e7\u00fc):<\/p>\n\n\n\n<div data-wp-interactive=\"core\/file\" class=\"wp-block-file\"><object data-wp-bind--hidden=\"!state.hasPdfPreview\"  class=\"wp-block-file__embed\" data=\"https:\/\/migration.bilkent.edu.tr\/wp-content\/uploads\/2025\/12\/cassis-2.pdf\" type=\"application\/pdf\" style=\"width:100%;height:600px\" aria-label=\"PDF embed\"><\/object><a href=\"https:\/\/migration.bilkent.edu.tr\/wp-content\/uploads\/2025\/12\/cassis-2.pdf\" class=\"wp-block-file__button wp-element-button\" download><\/a><\/div>\n\n\n\n<p><\/p>\n\n\n\n<p>Group 2( )<\/p>\n\n\n\n<p>Group 3 ( )<\/p>\n\n\n\n<p>Group 4 ( )<\/p>\n\n\n\n<p>Group 5 ( )<\/p>\n\n\n\n<p>Group 6 (Merve Dalk\u0131ran, K. \u0130dil Soydan, Derin Altu\u011f):  <\/p>\n\n\n\n<p><a href=\"https:\/\/migration.bilkent.edu.tr\/wp-content\/uploads\/2025\/12\/Internationale-Handelsgesellschaft.-Group-6-1.pptx\"><strong>Internationale Handelsgesellschaft.- Group 6<\/strong><\/a><\/p>\n\n\n\n<p><\/p>\n\n\n\n<p><\/p>\n\n\n\n<p><\/p>\n","protected":false},"excerpt":{"rendered":"<p>Aim of the course is to offer a good knowledge of European Union Law as a basis for further studies on&nbsp;European integration. It includes both institutional and substantive aspects of &hellip; <\/p>\n<p class=\"link-more\"><a href=\"https:\/\/migration.bilkent.edu.tr\/?page_id=81\" class=\"more-link\">Continue reading<span class=\"screen-reader-text\"> &#8220;Law 413 European Union Law&#8221;<\/span><\/a><\/p>\n","protected":false},"author":1,"featured_media":0,"parent":0,"menu_order":0,"comment_status":"closed","ping_status":"closed","template":"","meta":{"footnotes":""},"class_list":["post-81","page","type-page","status-publish","hentry"],"_links":{"self":[{"href":"https:\/\/migration.bilkent.edu.tr\/index.php?rest_route=\/wp\/v2\/pages\/81"}],"collection":[{"href":"https:\/\/migration.bilkent.edu.tr\/index.php?rest_route=\/wp\/v2\/pages"}],"about":[{"href":"https:\/\/migration.bilkent.edu.tr\/index.php?rest_route=\/wp\/v2\/types\/page"}],"author":[{"embeddable":true,"href":"https:\/\/migration.bilkent.edu.tr\/index.php?rest_route=\/wp\/v2\/users\/1"}],"replies":[{"embeddable":true,"href":"https:\/\/migration.bilkent.edu.tr\/index.php?rest_route=%2Fwp%2Fv2%2Fcomments&post=81"}],"version-history":[{"count":11,"href":"https:\/\/migration.bilkent.edu.tr\/index.php?rest_route=\/wp\/v2\/pages\/81\/revisions"}],"predecessor-version":[{"id":394,"href":"https:\/\/migration.bilkent.edu.tr\/index.php?rest_route=\/wp\/v2\/pages\/81\/revisions\/394"}],"wp:attachment":[{"href":"https:\/\/migration.bilkent.edu.tr\/index.php?rest_route=%2Fwp%2Fv2%2Fmedia&parent=81"}],"curies":[{"name":"wp","href":"https:\/\/api.w.org\/{rel}","templated":true}]}}