{"id":71,"date":"2024-11-05T11:53:43","date_gmt":"2024-11-05T11:53:43","guid":{"rendered":"https:\/\/migration.bilkent.edu.tr\/?page_id=71"},"modified":"2025-12-15T22:51:31","modified_gmt":"2025-12-15T22:51:31","slug":"the-team","status":"publish","type":"page","link":"https:\/\/migration.bilkent.edu.tr\/?page_id=71","title":{"rendered":"The Team"},"content":{"rendered":"\n<p><strong>Assoc. Prof. Dr. G\u00fcl\u00fcm \u00d6z\u00e7elik, the Chair Holder<\/strong><strong><\/strong><\/p>\n\n\n\n<div class=\"wp-block-columns is-layout-flex wp-container-core-columns-is-layout-1 wp-block-columns-is-layout-flex\">\n<div class=\"wp-block-column is-layout-flow wp-block-column-is-layout-flow\" style=\"flex-basis:66.66%\">\n<pre class=\"wp-block-preformatted\">Dr. \u00d6z\u00e7elik is a full-time teaching staff of Bilkent University Faculty of Law and an expert on Private International Law and EU Law. Since 2009 she has been teaching EU Law, Private International Law, European and International Migration Law, Law of Citizenship and Foreigners, Substantive Law of the EU, Legal Aspects of Turkey-EU Relations, EU Private International Law, International Family Law and Selected Topics in English Law at Bilkent University. She acted as the Coordinator of the&nbsp;Jean Monnet Module on European and International Migration Law (610742-EPP-1-2019-1-TR-EPPJMO-MODULE) between 2019-2022. Her research interests include issues of private international law as regards migrants, circular migration, temporary protection as well as alternative dispute resolution. &nbsp;<\/pre>\n<\/div>\n\n\n\n<div class=\"wp-block-column is-layout-flow wp-block-column-is-layout-flow\" style=\"flex-basis:33.33%\">\n<figure class=\"wp-block-image size-full is-resized\"><img loading=\"lazy\" decoding=\"async\" width=\"400\" height=\"400\" src=\"https:\/\/migration.bilkent.edu.tr\/wp-content\/uploads\/2024\/11\/cMccQcic_400x400.jpg\" alt=\"\" class=\"wp-image-163\" style=\"width:346px;height:auto\" srcset=\"https:\/\/migration.bilkent.edu.tr\/wp-content\/uploads\/2024\/11\/cMccQcic_400x400.jpg 400w, https:\/\/migration.bilkent.edu.tr\/wp-content\/uploads\/2024\/11\/cMccQcic_400x400-300x300.jpg 300w, https:\/\/migration.bilkent.edu.tr\/wp-content\/uploads\/2024\/11\/cMccQcic_400x400-150x150.jpg 150w, https:\/\/migration.bilkent.edu.tr\/wp-content\/uploads\/2024\/11\/cMccQcic_400x400-100x100.jpg 100w\" sizes=\"(max-width: 400px) 100vw, 400px\" \/><\/figure>\n<\/div>\n<\/div>\n\n\n\n<p><strong>Asst. Prof. Dr. Ay\u015fe Dicle Ergin, Team Member<\/strong><\/p>\n\n\n\n<div class=\"wp-block-columns is-layout-flex wp-container-core-columns-is-layout-2 wp-block-columns-is-layout-flex\">\n<div class=\"wp-block-column is-layout-flow wp-block-column-is-layout-flow\" style=\"flex-basis:66.66%\">\n<pre class=\"wp-block-preformatted\">Dr. Ergin is as Assistant Professor of International Law at Bilkent University, Faculty of law. Before joining academia as full-time professor in 2020, she worked at UNHCR T\u00fcrkiye, Ankara Office for eight years, ultimately serving as Associate Legal Officer. In this role, she coordinated the UNHCR team supporting the national asylum procedures in T\u00fcrkiye, provided legal guidance during the drafting of the Law No. 6458 on Foreigners and International Protection (the Law), offered legal opinions on the Law\u2019s application, conducted refugee status determinations, and led various project activities under the IPA Funded Reinforcement of National Asylum System in Turkey Project as well as the UNDP-UNHCR Joint Programme on Refugees\u2019 Access to Justice. Prior to her time at UNHCR, she worked as a Senior Human Rights Officer within OSCE Mission in Kosovo from 2006 to 2011, coinciding Kosovo\u2019s unilateral declaration of independence in 2008, where she also took part in legal drafting of legislation and monitored its implementation. Dr. Ergin holds a PhD in Public Law from Ankara Law School (2019) and an LLM from University of Essex in International Human Rights Law (2005). She received Fulbright Scholarship for her PhD research at Columbia Law School, USA, and a Chevening Scholarship for her LLM Studies in the UK. Her professional focus and publications encompass international law particularly refugee law, forced migration and human rights law.  She has been teaching \u201cInternational Human Rights Law\u201d; \u201cSpecific Aspects of ECHR Protection Mechanism\u201d; \u201cBasic Concepts of Law\u201d and \u201cCase Adjudication in Asylum Cases\u201d at Bilkent University.<\/pre>\n<\/div>\n\n\n\n<div class=\"wp-block-column is-layout-flow wp-block-column-is-layout-flow\" style=\"flex-basis:33.33%\">\n<figure class=\"wp-block-image size-large\"><img loading=\"lazy\" decoding=\"async\" width=\"683\" height=\"1024\" src=\"https:\/\/migration.bilkent.edu.tr\/wp-content\/uploads\/2024\/11\/20231205-PHOTO-AYSE_DICLE_ERGIN-LAW_04-683x1024.jpg\" alt=\"\" class=\"wp-image-161\" srcset=\"https:\/\/migration.bilkent.edu.tr\/wp-content\/uploads\/2024\/11\/20231205-PHOTO-AYSE_DICLE_ERGIN-LAW_04-683x1024.jpg 683w, https:\/\/migration.bilkent.edu.tr\/wp-content\/uploads\/2024\/11\/20231205-PHOTO-AYSE_DICLE_ERGIN-LAW_04-200x300.jpg 200w, https:\/\/migration.bilkent.edu.tr\/wp-content\/uploads\/2024\/11\/20231205-PHOTO-AYSE_DICLE_ERGIN-LAW_04-768x1152.jpg 768w, https:\/\/migration.bilkent.edu.tr\/wp-content\/uploads\/2024\/11\/20231205-PHOTO-AYSE_DICLE_ERGIN-LAW_04-1024x1536.jpg 1024w, https:\/\/migration.bilkent.edu.tr\/wp-content\/uploads\/2024\/11\/20231205-PHOTO-AYSE_DICLE_ERGIN-LAW_04-1365x2048.jpg 1365w, https:\/\/migration.bilkent.edu.tr\/wp-content\/uploads\/2024\/11\/20231205-PHOTO-AYSE_DICLE_ERGIN-LAW_04-scaled.jpg 1707w\" sizes=\"(max-width: 683px) 100vw, 683px\" \/><\/figure>\n<\/div>\n<\/div>\n\n\n\n<p><strong>Assoc. Prof. Dr. Ne\u015fe Baran \u00c7elik, Team member, Coordinator for Dicle University&nbsp;<\/strong><\/p>\n\n\n\n<div class=\"wp-block-columns is-layout-flex wp-container-core-columns-is-layout-4 wp-block-columns-is-layout-flex\">\n<div class=\"wp-block-column is-layout-flow wp-block-column-is-layout-flow\">\n<div class=\"wp-block-columns is-layout-flex wp-container-core-columns-is-layout-3 wp-block-columns-is-layout-flex\">\n<div class=\"wp-block-column is-layout-flow wp-block-column-is-layout-flow\" style=\"flex-basis:66.66%\">\n<pre class=\"wp-block-preformatted\">Dr. Baran \u00c7elik is a full time associate professor of Private International Law at the Faculty of Law of Dicle University\/Diyarbak\u0131r. Main research areas of Dr. Baran \u00c7elik include legal and irregular migration of foreigners and international protection under the Turkish Act on Foreigners and International Protection as well as international family and  succession disputes. Dr. Baran \u00c7elik is the coordinator of the Roundatable Workshop in Diyarbak\u0131r and teaches at Migration Law Summer School.<\/pre>\n<\/div>\n\n\n\n<div class=\"wp-block-column is-layout-flow wp-block-column-is-layout-flow\" style=\"flex-basis:33.33%\">\n<figure class=\"wp-block-image size-large\"><img loading=\"lazy\" decoding=\"async\" width=\"1024\" height=\"1015\" src=\"https:\/\/migration.bilkent.edu.tr\/wp-content\/uploads\/2024\/12\/Ekran-Resmi-2024-12-03-17.51.39-1024x1015.png\" alt=\"\" class=\"wp-image-254\" srcset=\"https:\/\/migration.bilkent.edu.tr\/wp-content\/uploads\/2024\/12\/Ekran-Resmi-2024-12-03-17.51.39-1024x1015.png 1024w, https:\/\/migration.bilkent.edu.tr\/wp-content\/uploads\/2024\/12\/Ekran-Resmi-2024-12-03-17.51.39-300x297.png 300w, https:\/\/migration.bilkent.edu.tr\/wp-content\/uploads\/2024\/12\/Ekran-Resmi-2024-12-03-17.51.39-150x150.png 150w, https:\/\/migration.bilkent.edu.tr\/wp-content\/uploads\/2024\/12\/Ekran-Resmi-2024-12-03-17.51.39-768x761.png 768w, https:\/\/migration.bilkent.edu.tr\/wp-content\/uploads\/2024\/12\/Ekran-Resmi-2024-12-03-17.51.39-100x100.png 100w, https:\/\/migration.bilkent.edu.tr\/wp-content\/uploads\/2024\/12\/Ekran-Resmi-2024-12-03-17.51.39.png 1302w\" sizes=\"(max-width: 767px) 89vw, (max-width: 1000px) 54vw, (max-width: 1071px) 543px, 580px\" \/><\/figure>\n<\/div>\n<\/div>\n<\/div>\n<\/div>\n\n\n\n<p><strong>Asst. Prof. Dr. \u00c7i\u00e7ek \u00d6zg\u00fcr,&nbsp;Team member, Coordinator for Erciyes University&nbsp;<\/strong><\/p>\n\n\n\n<div class=\"wp-block-columns is-layout-flex wp-container-core-columns-is-layout-5 wp-block-columns-is-layout-flex\">\n<div class=\"wp-block-column is-layout-flow wp-block-column-is-layout-flow\" style=\"flex-basis:66.66%\">\n<pre class=\"wp-block-preformatted\">Dr. \u00d6zg\u00fcr is Assistant Professor of Private International Law at the Erciyes University Faculty of Law since 2022. Ms. \u00d6zg\u00fcr worked as a research assistant at the same department from 2010 to 2022. She also worked as a visiting researcher at the University of Ferrara for about a year from 2015 to 2016 during her doctoral studies. Her research areas include regular and irregular migration, conflict of laws, international civil procedure, international family law and international trade law. Dr. \u00d6zg\u00fcr is the coordinator of the Roundtable Workshop in Kayseri and teaches at Migration Law Summer School.<\/pre>\n<\/div>\n\n\n\n<div class=\"wp-block-column is-layout-flow wp-block-column-is-layout-flow\" style=\"flex-basis:33.33%\">\n<figure class=\"wp-block-image size-full is-resized\"><img loading=\"lazy\" decoding=\"async\" width=\"383\" height=\"383\" src=\"https:\/\/migration.bilkent.edu.tr\/wp-content\/uploads\/2024\/11\/Cicek-OZGUR.png\" alt=\"\" class=\"wp-image-167\" style=\"width:402px;height:auto\" srcset=\"https:\/\/migration.bilkent.edu.tr\/wp-content\/uploads\/2024\/11\/Cicek-OZGUR.png 383w, https:\/\/migration.bilkent.edu.tr\/wp-content\/uploads\/2024\/11\/Cicek-OZGUR-300x300.png 300w, https:\/\/migration.bilkent.edu.tr\/wp-content\/uploads\/2024\/11\/Cicek-OZGUR-150x150.png 150w, https:\/\/migration.bilkent.edu.tr\/wp-content\/uploads\/2024\/11\/Cicek-OZGUR-100x100.png 100w\" sizes=\"(max-width: 383px) 100vw, 383px\" \/><\/figure>\n<\/div>\n<\/div>\n\n\n\n<p><strong>Dr. \u00d6m\u00fcr Karaa\u011fa\u00e7, Team member, Coordinator for Yalova University<\/strong><\/p>\n\n\n\n<div class=\"wp-block-columns is-layout-flex wp-container-core-columns-is-layout-6 wp-block-columns-is-layout-flex\">\n<div class=\"wp-block-column is-layout-flow wp-block-column-is-layout-flow\" style=\"flex-basis:66.66%\">\n<pre class=\"wp-block-preformatted\">Dr. Karaa\u011fa\u00e7 graduated from the Faculty of Law of Gazi University in 2011 and gained his LLM Degree on Private International Law in 2014. He completed his PhD at Ankara Hac\u0131 Bayram Veli University in 2022. Since 2011 he has been working as a research assistant at the Department of Private International Law of the Faculty of Law at Yalova University (2011-2012, 2018-) and Gazi University (2012-2018). His research areas include international migration law, foreigners law, conflict of laws, citizenship law and international civil procedure law. He is the coordinator of the Roundtable Workshop in Yalova and teaches at Migration Law Summer School.<\/pre>\n<\/div>\n\n\n\n<div class=\"wp-block-column is-layout-flow wp-block-column-is-layout-flow\" style=\"flex-basis:33.33%\">\n<figure class=\"wp-block-image size-full is-resized\"><img loading=\"lazy\" decoding=\"async\" width=\"553\" height=\"560\" src=\"https:\/\/migration.bilkent.edu.tr\/wp-content\/uploads\/2024\/11\/Vesikalik.jpg\" alt=\"\" class=\"wp-image-169\" style=\"width:322px;height:auto\" srcset=\"https:\/\/migration.bilkent.edu.tr\/wp-content\/uploads\/2024\/11\/Vesikalik.jpg 553w, https:\/\/migration.bilkent.edu.tr\/wp-content\/uploads\/2024\/11\/Vesikalik-296x300.jpg 296w, https:\/\/migration.bilkent.edu.tr\/wp-content\/uploads\/2024\/11\/Vesikalik-100x100.jpg 100w\" sizes=\"(max-width: 553px) 100vw, 553px\" \/><\/figure>\n<\/div>\n<\/div>\n\n\n\n<p><strong>Elif G\u00f6k\u00e7en Toksoy LL.M., Project Assistant<\/strong><\/p>\n\n\n\n<div class=\"wp-block-columns is-layout-flex wp-container-core-columns-is-layout-7 wp-block-columns-is-layout-flex\">\n<div class=\"wp-block-column is-layout-flow wp-block-column-is-layout-flow\" style=\"flex-basis:66.66%\">\n<pre class=\"wp-block-preformatted\">Ms. Toksoy graduated from Bilkent University Faculty of Law in 2020 and completed the LLM Programme in Private Law at the same Faculty in 2023 with her thesis on \u201cAcquisition of Citizenship by Investment\u201d. She is currently doing her PhD on Private International Law at Bilkent University. Her research interests include issues of private international law as regards citizenship law, foreigners law, international migration law and, conflict of laws. She is one of the assistants who will provide support at every stage of the project. <\/pre>\n<\/div>\n\n\n\n<div class=\"wp-block-column is-layout-flow wp-block-column-is-layout-flow\" style=\"flex-basis:33.33%\">\n<figure class=\"wp-block-image size-full is-resized\"><img loading=\"lazy\" decoding=\"async\" width=\"648\" height=\"652\" src=\"https:\/\/migration.bilkent.edu.tr\/wp-content\/uploads\/2024\/11\/EGT-.png\" alt=\"\" class=\"wp-image-170\" style=\"width:282px;height:auto\" srcset=\"https:\/\/migration.bilkent.edu.tr\/wp-content\/uploads\/2024\/11\/EGT-.png 648w, https:\/\/migration.bilkent.edu.tr\/wp-content\/uploads\/2024\/11\/EGT--298x300.png 298w, https:\/\/migration.bilkent.edu.tr\/wp-content\/uploads\/2024\/11\/EGT--150x150.png 150w, https:\/\/migration.bilkent.edu.tr\/wp-content\/uploads\/2024\/11\/EGT--100x100.png 100w\" sizes=\"(max-width: 648px) 100vw, 648px\" \/><\/figure>\n<\/div>\n<\/div>\n\n\n\n<p><strong>Kaya \u00d6rge, Project Assistant&nbsp;<\/strong><\/p>\n\n\n\n<div class=\"wp-block-columns is-layout-flex wp-container-core-columns-is-layout-8 wp-block-columns-is-layout-flex\">\n<div class=\"wp-block-column is-layout-flow wp-block-column-is-layout-flow\" style=\"flex-basis:66.66%\">\n<pre class=\"wp-block-preformatted\">Mr. \u00d6rge is a graduate of Bilkent University, Faculty of Economics, Administrative and Social Sciences, Department of International Relations of 2023. Currently he is enrolled in the MA programme and working as a teaching assistant at the same department. His research interests include migration, international political economy, and development. He is one of the assistants who will provide support at every stage of the project. <\/pre>\n<\/div>\n\n\n\n<div class=\"wp-block-column is-layout-flow wp-block-column-is-layout-flow\" style=\"flex-basis:33.33%\">\n<figure class=\"wp-block-image size-full\"><img loading=\"lazy\" decoding=\"async\" width=\"867\" height=\"852\" src=\"https:\/\/migration.bilkent.edu.tr\/wp-content\/uploads\/2024\/12\/WhatsApp-Image-2024-12-03-at-18.04.23.jpeg\" alt=\"\" class=\"wp-image-262\" srcset=\"https:\/\/migration.bilkent.edu.tr\/wp-content\/uploads\/2024\/12\/WhatsApp-Image-2024-12-03-at-18.04.23.jpeg 867w, https:\/\/migration.bilkent.edu.tr\/wp-content\/uploads\/2024\/12\/WhatsApp-Image-2024-12-03-at-18.04.23-300x295.jpeg 300w, https:\/\/migration.bilkent.edu.tr\/wp-content\/uploads\/2024\/12\/WhatsApp-Image-2024-12-03-at-18.04.23-768x755.jpeg 768w\" sizes=\"(max-width: 767px) 89vw, (max-width: 1000px) 54vw, (max-width: 1071px) 543px, 580px\" \/><\/figure>\n<\/div>\n<\/div>\n","protected":false},"excerpt":{"rendered":"<p>Assoc. Prof. Dr. G\u00fcl\u00fcm \u00d6z\u00e7elik, the Chair Holder Dr. \u00d6z\u00e7elik is a full-time teaching staff of Bilkent University Faculty of Law and an expert on Private International Law and EU &hellip; <\/p>\n<p class=\"link-more\"><a href=\"https:\/\/migration.bilkent.edu.tr\/?page_id=71\" class=\"more-link\">Continue reading<span class=\"screen-reader-text\"> &#8220;The Team&#8221;<\/span><\/a><\/p>\n","protected":false},"author":1,"featured_media":0,"parent":0,"menu_order":0,"comment_status":"closed","ping_status":"closed","template":"","meta":{"footnotes":""},"class_list":["post-71","page","type-page","status-publish","hentry"],"_links":{"self":[{"href":"https:\/\/migration.bilkent.edu.tr\/index.php?rest_route=\/wp\/v2\/pages\/71"}],"collection":[{"href":"https:\/\/migration.bilkent.edu.tr\/index.php?rest_route=\/wp\/v2\/pages"}],"about":[{"href":"https:\/\/migration.bilkent.edu.tr\/index.php?rest_route=\/wp\/v2\/types\/page"}],"author":[{"embeddable":true,"href":"https:\/\/migration.bilkent.edu.tr\/index.php?rest_route=\/wp\/v2\/users\/1"}],"replies":[{"embeddable":true,"href":"https:\/\/migration.bilkent.edu.tr\/index.php?rest_route=%2Fwp%2Fv2%2Fcomments&post=71"}],"version-history":[{"count":10,"href":"https:\/\/migration.bilkent.edu.tr\/index.php?rest_route=\/wp\/v2\/pages\/71\/revisions"}],"predecessor-version":[{"id":380,"href":"https:\/\/migration.bilkent.edu.tr\/index.php?rest_route=\/wp\/v2\/pages\/71\/revisions\/380"}],"wp:attachment":[{"href":"https:\/\/migration.bilkent.edu.tr\/index.php?rest_route=%2Fwp%2Fv2%2Fmedia&parent=71"}],"curies":[{"name":"wp","href":"https:\/\/api.w.org\/{rel}","templated":true}]}}