{"id":424,"date":"2026-05-08T13:55:13","date_gmt":"2026-05-08T13:55:13","guid":{"rendered":"https:\/\/migration.bilkent.edu.tr\/?page_id=424"},"modified":"2026-05-08T13:55:13","modified_gmt":"2026-05-08T13:55:13","slug":"migration-talks-viii","status":"publish","type":"page","link":"https:\/\/migration.bilkent.edu.tr\/?page_id=424","title":{"rendered":"Migration Talks VIII"},"content":{"rendered":"\n<p><\/p>\n\n\n\n<p>Organized by the Jean Monnet Chair in Legal Aspects of Migration Management in the European Union and in T\u00fcrkiye, the Migration Talks-VIII conference was held on the 4th of May, 2026. Speakers included: Prof. Dr. B\u00fclent Turan (Ko\u00e7 University), Prof. Dr. Janet Molzan Turan (Ko\u00e7 University), Dr. \u0130brahim Yi\u011fit (Florida State University), Dr. Hamed Abdollahpour Ranjbar (\u0130stinye University), Khaled Elazab, MA (Clark University), Yomna Nassar, MA (Ko\u00e7 University), and Farah Amayreh (Ko\u00e7 University).<\/p>\n\n\n\n<p><br>The research is conducted with Syrian and Afghan refugees living in Istanbul, Turkiye to explore and examine effects of stigma and microaggressions in these populations. Based on a survey of 156 young Syrian adults living in T\u00fcrkiye for many years, the research found that Turkish identity denial was associated with higher depressive symptoms and lower psychological well-being, mediated by perceived and anticipated stigma. Furthermore, a challenged sense of belonging was an independent parallel mediating mechanism by which identity denial was associated with psychological well-being and depressive symptoms. It is also explored the concept of identity denial in the context of refugee stigma using the new scales. Even after many years of immigrating, immigrants can have their new cultural identity (in this case, their Turkish identity) denied or unacknowledged. <\/p>\n\n\n\n<p><br><\/p>\n\n\n\n<figure class=\"wp-block-image size-large\"><img loading=\"lazy\" decoding=\"async\" width=\"1024\" height=\"640\" src=\"https:\/\/migration.bilkent.edu.tr\/wp-content\/uploads\/2026\/05\/WhatsApp-Image-2026-05-04-at-17.38.53-1024x640.jpeg\" alt=\"\" class=\"wp-image-426\" srcset=\"https:\/\/migration.bilkent.edu.tr\/wp-content\/uploads\/2026\/05\/WhatsApp-Image-2026-05-04-at-17.38.53-1024x640.jpeg 1024w, https:\/\/migration.bilkent.edu.tr\/wp-content\/uploads\/2026\/05\/WhatsApp-Image-2026-05-04-at-17.38.53-300x188.jpeg 300w, https:\/\/migration.bilkent.edu.tr\/wp-content\/uploads\/2026\/05\/WhatsApp-Image-2026-05-04-at-17.38.53-768x480.jpeg 768w, https:\/\/migration.bilkent.edu.tr\/wp-content\/uploads\/2026\/05\/WhatsApp-Image-2026-05-04-at-17.38.53-1536x960.jpeg 1536w, https:\/\/migration.bilkent.edu.tr\/wp-content\/uploads\/2026\/05\/WhatsApp-Image-2026-05-04-at-17.38.53.jpeg 1600w\" sizes=\"(max-width: 767px) 89vw, (max-width: 1000px) 54vw, (max-width: 1071px) 543px, 580px\" \/><\/figure>\n\n\n\n<figure class=\"wp-block-image size-large\"><img loading=\"lazy\" decoding=\"async\" width=\"1024\" height=\"640\" src=\"https:\/\/migration.bilkent.edu.tr\/wp-content\/uploads\/2026\/05\/WhatsApp-Image-2026-05-04-at-17.39.23-1024x640.jpeg\" alt=\"\" class=\"wp-image-425\" srcset=\"https:\/\/migration.bilkent.edu.tr\/wp-content\/uploads\/2026\/05\/WhatsApp-Image-2026-05-04-at-17.39.23-1024x640.jpeg 1024w, https:\/\/migration.bilkent.edu.tr\/wp-content\/uploads\/2026\/05\/WhatsApp-Image-2026-05-04-at-17.39.23-300x188.jpeg 300w, https:\/\/migration.bilkent.edu.tr\/wp-content\/uploads\/2026\/05\/WhatsApp-Image-2026-05-04-at-17.39.23-768x480.jpeg 768w, https:\/\/migration.bilkent.edu.tr\/wp-content\/uploads\/2026\/05\/WhatsApp-Image-2026-05-04-at-17.39.23-1536x960.jpeg 1536w, https:\/\/migration.bilkent.edu.tr\/wp-content\/uploads\/2026\/05\/WhatsApp-Image-2026-05-04-at-17.39.23.jpeg 1600w\" sizes=\"(max-width: 767px) 89vw, (max-width: 1000px) 54vw, (max-width: 1071px) 543px, 580px\" \/><\/figure>\n","protected":false},"excerpt":{"rendered":"<p>Organized by the Jean Monnet Chair in Legal Aspects of Migration Management in the European Union and in T\u00fcrkiye, the Migration Talks-VIII conference was held on the 4th of May, &hellip; <\/p>\n<p class=\"link-more\"><a href=\"https:\/\/migration.bilkent.edu.tr\/?page_id=424\" class=\"more-link\">Continue reading<span class=\"screen-reader-text\"> &#8220;Migration Talks VIII&#8221;<\/span><\/a><\/p>\n","protected":false},"author":1,"featured_media":0,"parent":0,"menu_order":0,"comment_status":"closed","ping_status":"closed","template":"","meta":{"footnotes":""},"class_list":["post-424","page","type-page","status-publish","hentry"],"_links":{"self":[{"href":"https:\/\/migration.bilkent.edu.tr\/index.php?rest_route=\/wp\/v2\/pages\/424"}],"collection":[{"href":"https:\/\/migration.bilkent.edu.tr\/index.php?rest_route=\/wp\/v2\/pages"}],"about":[{"href":"https:\/\/migration.bilkent.edu.tr\/index.php?rest_route=\/wp\/v2\/types\/page"}],"author":[{"embeddable":true,"href":"https:\/\/migration.bilkent.edu.tr\/index.php?rest_route=\/wp\/v2\/users\/1"}],"replies":[{"embeddable":true,"href":"https:\/\/migration.bilkent.edu.tr\/index.php?rest_route=%2Fwp%2Fv2%2Fcomments&post=424"}],"version-history":[{"count":1,"href":"https:\/\/migration.bilkent.edu.tr\/index.php?rest_route=\/wp\/v2\/pages\/424\/revisions"}],"predecessor-version":[{"id":429,"href":"https:\/\/migration.bilkent.edu.tr\/index.php?rest_route=\/wp\/v2\/pages\/424\/revisions\/429"}],"wp:attachment":[{"href":"https:\/\/migration.bilkent.edu.tr\/index.php?rest_route=%2Fwp%2Fv2%2Fmedia&parent=424"}],"curies":[{"name":"wp","href":"https:\/\/api.w.org\/{rel}","templated":true}]}}