{"id":397,"date":"2025-12-23T22:38:02","date_gmt":"2025-12-23T22:38:02","guid":{"rendered":"https:\/\/migration.bilkent.edu.tr\/?page_id=397"},"modified":"2025-12-23T22:38:02","modified_gmt":"2025-12-23T22:38:02","slug":"law-413-student-sample-presentations","status":"publish","type":"page","link":"https:\/\/migration.bilkent.edu.tr\/?page_id=397","title":{"rendered":"LAW 413 &#8211; Student Sample Presentations"},"content":{"rendered":"\n<p><\/p>\n\n\n\n<p><strong>C- 120\/78 Cassis de Dijon (Eda Naz Gezer, Azra Acar, \u00c7\u0131nar \u00d6\u011f\u00fct\u00e7\u00fc)<\/strong><\/p>\n\n\n\n<div data-wp-interactive=\"core\/file\" class=\"wp-block-file\"><object data-wp-bind--hidden=\"!state.hasPdfPreview\"  class=\"wp-block-file__embed\" data=\"https:\/\/migration.bilkent.edu.tr\/wp-content\/uploads\/2025\/12\/Cassis-de-Dijon-Eda-Gezer-Cinar-Ogutcu-Azra-Acar.pdf\" type=\"application\/pdf\" style=\"width:100%;height:600px\" aria-label=\"Embed of Cassis-de-Dijon-Eda-Gezer-\u00c7\u0131nar-\u00d6\u011f\u00fct\u00e7\u00fc-Azra-Acar.\"><\/object><a id=\"wp-block-file--media-8205a1ed-9dfd-473a-b410-6b3e023a9169\" href=\"https:\/\/migration.bilkent.edu.tr\/wp-content\/uploads\/2025\/12\/Cassis-de-Dijon-Eda-Gezer-Cinar-Ogutcu-Azra-Acar.pdf\">Cassis-de-Dijon-Eda-Gezer-\u00c7\u0131nar-\u00d6\u011f\u00fct\u00e7\u00fc-Azra-Acar<\/a><a href=\"https:\/\/migration.bilkent.edu.tr\/wp-content\/uploads\/2025\/12\/Cassis-de-Dijon-Eda-Gezer-Cinar-Ogutcu-Azra-Acar.pdf\" class=\"wp-block-file__button wp-element-button\" download aria-describedby=\"wp-block-file--media-8205a1ed-9dfd-473a-b410-6b3e023a9169\">Download<\/a><\/div>\n\n\n\n<div data-wp-interactive=\"core\/file\" class=\"wp-block-file\"><object data-wp-bind--hidden=\"!state.hasPdfPreview\"  class=\"wp-block-file__embed\" data=\"https:\/\/migration.bilkent.edu.tr\/wp-content\/uploads\/2025\/12\/cassis-2.pdf\" type=\"application\/pdf\" style=\"width:100%;height:600px\" aria-label=\"PDF embed\"><\/object><a href=\"https:\/\/migration.bilkent.edu.tr\/wp-content\/uploads\/2025\/12\/cassis-2.pdf\" class=\"wp-block-file__button wp-element-button\" download>Download<\/a><\/div>\n\n\n\n<p><\/p>\n\n\n\n<p><\/p>\n\n\n\n<p><strong>C- 11\/70 Internationale Handelsgesellschaft (Kadriye \u0130dil Soydan, Merve Dalk\u0131ran, Derin Altu\u011f)<\/strong><\/p>\n\n\n\n<p><a href=\"https:\/\/migration.bilkent.edu.tr\/wp-content\/uploads\/2025\/12\/Internationale-Handelsgesellschaft.-Group-6-1.pptx\">Internationale Handelsgesellschaft.- Group 6<\/a><\/p>\n\n\n\n<div class=\"wp-block-file\"><a id=\"wp-block-file--media-a9d049fa-0cbf-4bec-bd10-05165e653864\" href=\"https:\/\/migration.bilkent.edu.tr\/wp-content\/uploads\/2025\/12\/Case-Chen-Power-Point-.pptx\">Case Chen Power Point<\/a><a href=\"https:\/\/migration.bilkent.edu.tr\/wp-content\/uploads\/2025\/12\/Case-Chen-Power-Point-.pptx\" class=\"wp-block-file__button wp-element-button\" download aria-describedby=\"wp-block-file--media-a9d049fa-0cbf-4bec-bd10-05165e653864\">Download<\/a><\/div>\n\n\n\n<p><\/p>\n","protected":false},"excerpt":{"rendered":"<p>C- 120\/78 Cassis de Dijon (Eda Naz Gezer, Azra Acar, \u00c7\u0131nar \u00d6\u011f\u00fct\u00e7\u00fc) C- 11\/70 Internationale Handelsgesellschaft (Kadriye \u0130dil Soydan, Merve Dalk\u0131ran, Derin Altu\u011f) Internationale Handelsgesellschaft.- Group 6<\/p>\n","protected":false},"author":1,"featured_media":0,"parent":0,"menu_order":0,"comment_status":"closed","ping_status":"closed","template":"","meta":{"footnotes":""},"class_list":["post-397","page","type-page","status-publish","hentry"],"_links":{"self":[{"href":"https:\/\/migration.bilkent.edu.tr\/index.php?rest_route=\/wp\/v2\/pages\/397"}],"collection":[{"href":"https:\/\/migration.bilkent.edu.tr\/index.php?rest_route=\/wp\/v2\/pages"}],"about":[{"href":"https:\/\/migration.bilkent.edu.tr\/index.php?rest_route=\/wp\/v2\/types\/page"}],"author":[{"embeddable":true,"href":"https:\/\/migration.bilkent.edu.tr\/index.php?rest_route=\/wp\/v2\/users\/1"}],"replies":[{"embeddable":true,"href":"https:\/\/migration.bilkent.edu.tr\/index.php?rest_route=%2Fwp%2Fv2%2Fcomments&post=397"}],"version-history":[{"count":1,"href":"https:\/\/migration.bilkent.edu.tr\/index.php?rest_route=\/wp\/v2\/pages\/397\/revisions"}],"predecessor-version":[{"id":398,"href":"https:\/\/migration.bilkent.edu.tr\/index.php?rest_route=\/wp\/v2\/pages\/397\/revisions\/398"}],"wp:attachment":[{"href":"https:\/\/migration.bilkent.edu.tr\/index.php?rest_route=%2Fwp%2Fv2%2Fmedia&parent=397"}],"curies":[{"name":"wp","href":"https:\/\/api.w.org\/{rel}","templated":true}]}}