{"id":321,"date":"2025-10-20T14:17:14","date_gmt":"2025-10-20T14:17:14","guid":{"rendered":"https:\/\/migration.bilkent.edu.tr\/?page_id=321"},"modified":"2025-10-20T14:25:16","modified_gmt":"2025-10-20T14:25:16","slug":"project","status":"publish","type":"page","link":"https:\/\/migration.bilkent.edu.tr\/?page_id=321","title":{"rendered":"Project"},"content":{"rendered":"\n<div class=\"wp-block-columns is-layout-flex wp-container-core-columns-is-layout-1 wp-block-columns-is-layout-flex\">\n<div class=\"wp-block-column is-layout-flow wp-block-column-is-layout-flow\" style=\"flex-basis:100%\"><a class=\"wp-block-read-more\" href=\"https:\/\/migration.bilkent.edu.tr\/?page_id=321\" target=\"_self\"><kbd><br><\/kbd><span class=\"screen-reader-text\">: Project<\/span><\/a><\/div>\n<\/div>\n\n\n\n<div data-wp-interactive=\"core\/file\" class=\"wp-block-file\"><object data-wp-bind--hidden=\"!state.hasPdfPreview\"  class=\"wp-block-file__embed\" data=\"https:\/\/migration.bilkent.edu.tr\/wp-content\/uploads\/2025\/10\/Gocmen-Cocuklarin-Korunmasi-Makale-Son.pdf\" type=\"application\/pdf\" style=\"width:100%;height:600px\" aria-label=\"Embed of Uluslararas\u0131 ve Ulusal Hukukta G\u00f6\u00e7men \u00c7ocuklar\u0131n Korunmas\u0131.\"><\/object><a id=\"wp-block-file--media-2eec14c8-4053-4d22-9528-34b92a342ff3\" href=\"https:\/\/migration.bilkent.edu.tr\/wp-content\/uploads\/2025\/10\/Gocmen-Cocuklarin-Korunmasi-Makale-Son.pdf\">Uluslararas\u0131 ve Ulusal Hukukta G\u00f6\u00e7men \u00c7ocuklar\u0131n Korunmas\u0131<\/a><a href=\"https:\/\/migration.bilkent.edu.tr\/wp-content\/uploads\/2025\/10\/Gocmen-Cocuklarin-Korunmasi-Makale-Son.pdf\" class=\"wp-block-file__button wp-element-button\" download aria-describedby=\"wp-block-file--media-2eec14c8-4053-4d22-9528-34b92a342ff3\">Download<\/a><\/div>\n\n\n\n<p><\/p>\n","protected":false},"excerpt":{"rendered":"","protected":false},"author":1,"featured_media":0,"parent":0,"menu_order":0,"comment_status":"closed","ping_status":"closed","template":"","meta":{"footnotes":""},"class_list":["post-321","page","type-page","status-publish","hentry"],"_links":{"self":[{"href":"https:\/\/migration.bilkent.edu.tr\/index.php?rest_route=\/wp\/v2\/pages\/321"}],"collection":[{"href":"https:\/\/migration.bilkent.edu.tr\/index.php?rest_route=\/wp\/v2\/pages"}],"about":[{"href":"https:\/\/migration.bilkent.edu.tr\/index.php?rest_route=\/wp\/v2\/types\/page"}],"author":[{"embeddable":true,"href":"https:\/\/migration.bilkent.edu.tr\/index.php?rest_route=\/wp\/v2\/users\/1"}],"replies":[{"embeddable":true,"href":"https:\/\/migration.bilkent.edu.tr\/index.php?rest_route=%2Fwp%2Fv2%2Fcomments&post=321"}],"version-history":[{"count":8,"href":"https:\/\/migration.bilkent.edu.tr\/index.php?rest_route=\/wp\/v2\/pages\/321\/revisions"}],"predecessor-version":[{"id":336,"href":"https:\/\/migration.bilkent.edu.tr\/index.php?rest_route=\/wp\/v2\/pages\/321\/revisions\/336"}],"wp:attachment":[{"href":"https:\/\/migration.bilkent.edu.tr\/index.php?rest_route=%2Fwp%2Fv2%2Fmedia&parent=321"}],"curies":[{"name":"wp","href":"https:\/\/api.w.org\/{rel}","templated":true}]}}