{"id":307,"date":"2025-04-24T11:06:35","date_gmt":"2025-04-24T11:06:35","guid":{"rendered":"https:\/\/migration.bilkent.edu.tr\/?page_id=307"},"modified":"2025-04-24T11:35:42","modified_gmt":"2025-04-24T11:35:42","slug":"migration-talks-iv","status":"publish","type":"page","link":"https:\/\/migration.bilkent.edu.tr\/?page_id=307","title":{"rendered":"Migration Talks IV"},"content":{"rendered":"\n<p>Organized by the Jean Monnet Chair in Legal Aspects of Migration Management in the European Union and in T\u00fcrkiye, the Migration Talks-IV conference was held on the 24th of April, 2025. The conference hosted the Founding Director of BAUMUS (Bah\u00e7e\u015fehir University Center for Migration and Urban Studies), Prof. Dr. Ula\u015f Sunata, presenting on the topic of \u201cMigration and Inclusive Institutions: Rethinking the Role of Civil Society in Turkey While Reflecting on the Governance of Diversity\u201d.<\/p>\n\n\n\n<figure class=\"wp-block-image size-large is-resized\"><img loading=\"lazy\" decoding=\"async\" width=\"1024\" height=\"1024\" src=\"https:\/\/migration.bilkent.edu.tr\/wp-content\/uploads\/2025\/04\/Migration-Talks-Social-Media-1-1-1024x1024.png\" alt=\"\" class=\"wp-image-315\" style=\"width:402px;height:auto\" srcset=\"https:\/\/migration.bilkent.edu.tr\/wp-content\/uploads\/2025\/04\/Migration-Talks-Social-Media-1-1-1024x1024.png 1024w, https:\/\/migration.bilkent.edu.tr\/wp-content\/uploads\/2025\/04\/Migration-Talks-Social-Media-1-1-300x300.png 300w, https:\/\/migration.bilkent.edu.tr\/wp-content\/uploads\/2025\/04\/Migration-Talks-Social-Media-1-1-150x150.png 150w, https:\/\/migration.bilkent.edu.tr\/wp-content\/uploads\/2025\/04\/Migration-Talks-Social-Media-1-1-768x768.png 768w, https:\/\/migration.bilkent.edu.tr\/wp-content\/uploads\/2025\/04\/Migration-Talks-Social-Media-1-1-100x100.png 100w, https:\/\/migration.bilkent.edu.tr\/wp-content\/uploads\/2025\/04\/Migration-Talks-Social-Media-1-1.png 1080w\" sizes=\"(max-width: 767px) 89vw, (max-width: 1000px) 54vw, (max-width: 1071px) 543px, 580px\" \/><\/figure>\n\n\n\n<figure class=\"wp-block-image size-large is-resized\"><img loading=\"lazy\" decoding=\"async\" width=\"1024\" height=\"640\" src=\"https:\/\/migration.bilkent.edu.tr\/wp-content\/uploads\/2025\/04\/Screenshot-2025-04-24-at-12.35.59-1024x640.png\" alt=\"\" class=\"wp-image-316\" style=\"width:528px;height:auto\" srcset=\"https:\/\/migration.bilkent.edu.tr\/wp-content\/uploads\/2025\/04\/Screenshot-2025-04-24-at-12.35.59-1024x640.png 1024w, https:\/\/migration.bilkent.edu.tr\/wp-content\/uploads\/2025\/04\/Screenshot-2025-04-24-at-12.35.59-300x188.png 300w, https:\/\/migration.bilkent.edu.tr\/wp-content\/uploads\/2025\/04\/Screenshot-2025-04-24-at-12.35.59-768x480.png 768w, https:\/\/migration.bilkent.edu.tr\/wp-content\/uploads\/2025\/04\/Screenshot-2025-04-24-at-12.35.59-1536x960.png 1536w, https:\/\/migration.bilkent.edu.tr\/wp-content\/uploads\/2025\/04\/Screenshot-2025-04-24-at-12.35.59-2048x1280.png 2048w\" sizes=\"(max-width: 767px) 89vw, (max-width: 1000px) 54vw, (max-width: 1071px) 543px, 580px\" \/><\/figure>\n\n\n\n<figure class=\"wp-block-image size-large is-resized\"><img loading=\"lazy\" decoding=\"async\" width=\"1024\" height=\"640\" src=\"https:\/\/migration.bilkent.edu.tr\/wp-content\/uploads\/2025\/04\/Screenshot-2025-04-24-at-12.52.31-1024x640.png\" alt=\"\" class=\"wp-image-317\" style=\"width:531px;height:auto\" srcset=\"https:\/\/migration.bilkent.edu.tr\/wp-content\/uploads\/2025\/04\/Screenshot-2025-04-24-at-12.52.31-1024x640.png 1024w, https:\/\/migration.bilkent.edu.tr\/wp-content\/uploads\/2025\/04\/Screenshot-2025-04-24-at-12.52.31-300x188.png 300w, https:\/\/migration.bilkent.edu.tr\/wp-content\/uploads\/2025\/04\/Screenshot-2025-04-24-at-12.52.31-768x480.png 768w, https:\/\/migration.bilkent.edu.tr\/wp-content\/uploads\/2025\/04\/Screenshot-2025-04-24-at-12.52.31-1536x960.png 1536w, https:\/\/migration.bilkent.edu.tr\/wp-content\/uploads\/2025\/04\/Screenshot-2025-04-24-at-12.52.31-2048x1280.png 2048w\" sizes=\"(max-width: 767px) 89vw, (max-width: 1000px) 54vw, (max-width: 1071px) 543px, 580px\" \/><\/figure>\n\n\n\n<figure class=\"wp-block-image size-large is-resized\"><img loading=\"lazy\" decoding=\"async\" width=\"1024\" height=\"640\" src=\"https:\/\/migration.bilkent.edu.tr\/wp-content\/uploads\/2025\/04\/Screenshot-2025-04-24-at-13.00.52-1024x640.png\" alt=\"\" class=\"wp-image-318\" style=\"width:528px;height:auto\" srcset=\"https:\/\/migration.bilkent.edu.tr\/wp-content\/uploads\/2025\/04\/Screenshot-2025-04-24-at-13.00.52-1024x640.png 1024w, https:\/\/migration.bilkent.edu.tr\/wp-content\/uploads\/2025\/04\/Screenshot-2025-04-24-at-13.00.52-300x188.png 300w, https:\/\/migration.bilkent.edu.tr\/wp-content\/uploads\/2025\/04\/Screenshot-2025-04-24-at-13.00.52-768x480.png 768w, https:\/\/migration.bilkent.edu.tr\/wp-content\/uploads\/2025\/04\/Screenshot-2025-04-24-at-13.00.52-1536x960.png 1536w, https:\/\/migration.bilkent.edu.tr\/wp-content\/uploads\/2025\/04\/Screenshot-2025-04-24-at-13.00.52-2048x1280.png 2048w\" sizes=\"(max-width: 767px) 89vw, (max-width: 1000px) 54vw, (max-width: 1071px) 543px, 580px\" \/><\/figure>\n","protected":false},"excerpt":{"rendered":"<p>Organized by the Jean Monnet Chair in Legal Aspects of Migration Management in the European Union and in T\u00fcrkiye, the Migration Talks-IV conference was held on the 24th of April, &hellip; <\/p>\n<p class=\"link-more\"><a href=\"https:\/\/migration.bilkent.edu.tr\/?page_id=307\" class=\"more-link\">Continue reading<span class=\"screen-reader-text\"> &#8220;Migration Talks IV&#8221;<\/span><\/a><\/p>\n","protected":false},"author":1,"featured_media":0,"parent":0,"menu_order":0,"comment_status":"closed","ping_status":"closed","template":"","meta":{"footnotes":""},"class_list":["post-307","page","type-page","status-publish","hentry"],"_links":{"self":[{"href":"https:\/\/migration.bilkent.edu.tr\/index.php?rest_route=\/wp\/v2\/pages\/307"}],"collection":[{"href":"https:\/\/migration.bilkent.edu.tr\/index.php?rest_route=\/wp\/v2\/pages"}],"about":[{"href":"https:\/\/migration.bilkent.edu.tr\/index.php?rest_route=\/wp\/v2\/types\/page"}],"author":[{"embeddable":true,"href":"https:\/\/migration.bilkent.edu.tr\/index.php?rest_route=\/wp\/v2\/users\/1"}],"replies":[{"embeddable":true,"href":"https:\/\/migration.bilkent.edu.tr\/index.php?rest_route=%2Fwp%2Fv2%2Fcomments&post=307"}],"version-history":[{"count":2,"href":"https:\/\/migration.bilkent.edu.tr\/index.php?rest_route=\/wp\/v2\/pages\/307\/revisions"}],"predecessor-version":[{"id":319,"href":"https:\/\/migration.bilkent.edu.tr\/index.php?rest_route=\/wp\/v2\/pages\/307\/revisions\/319"}],"wp:attachment":[{"href":"https:\/\/migration.bilkent.edu.tr\/index.php?rest_route=%2Fwp%2Fv2%2Fmedia&parent=307"}],"curies":[{"name":"wp","href":"https:\/\/api.w.org\/{rel}","templated":true}]}}