{"id":100,"date":"2024-11-05T11:58:39","date_gmt":"2024-11-05T11:58:39","guid":{"rendered":"https:\/\/migration.bilkent.edu.tr\/?page_id=100"},"modified":"2024-11-06T19:28:36","modified_gmt":"2024-11-06T19:28:36","slug":"seminars-on-migration-and-international-protection","status":"publish","type":"page","link":"https:\/\/migration.bilkent.edu.tr\/?page_id=100","title":{"rendered":"Seminars on Migration and International Protection"},"content":{"rendered":"\n<p>Seminars on&nbsp;Migration and International Protection&nbsp;shall include both issues of migration (Terminology and main concepts, history of migration in T\u00fcrkiye and in the EU, sources of international, European and Turkish Migration Law, power of the EU on migration, the area of freedom, security and justice, regular and irregular migration in Turkish and EU laws, issues of migration in the EU-T\u00fcrkiye Relations) and international protection (basic concepts of refugee law, relevant international, European and national legal framework on international protection and its implementation in T\u00fcrkiye with specific emphasis on relevant jurisprudence). Seminars&nbsp;target undergraduate and graduate students of Turkish Universities, thus aim to create an awareness on European subjects for both the students and researchers of Bilkent University and of other universities in T\u00fcrkiye,&nbsp;to&nbsp;equip the participants with specific knowledge on legal aspects of migration and international protection who have not had the opportunity to deal with these issues before. They are organised for&nbsp;8 hours, given by Assoc. Prof. Dr. G\u00fcl\u00fcm \u00d6z\u00e7elik and Asst. Prof. Dr. Ay\u015fe Dicle Ergin, once each (fall) semester.<\/p>\n\n\n\n<p><\/p>\n","protected":false},"excerpt":{"rendered":"<p>Seminars on&nbsp;Migration and International Protection&nbsp;shall include both issues of migration (Terminology and main concepts, history of migration in T\u00fcrkiye and in the EU, sources of international, European and Turkish Migration &hellip; <\/p>\n<p class=\"link-more\"><a href=\"https:\/\/migration.bilkent.edu.tr\/?page_id=100\" class=\"more-link\">Continue reading<span class=\"screen-reader-text\"> &#8220;Seminars on Migration and International Protection&#8221;<\/span><\/a><\/p>\n","protected":false},"author":1,"featured_media":0,"parent":0,"menu_order":0,"comment_status":"closed","ping_status":"closed","template":"","meta":{"footnotes":""},"class_list":["post-100","page","type-page","status-publish","hentry"],"_links":{"self":[{"href":"https:\/\/migration.bilkent.edu.tr\/index.php?rest_route=\/wp\/v2\/pages\/100"}],"collection":[{"href":"https:\/\/migration.bilkent.edu.tr\/index.php?rest_route=\/wp\/v2\/pages"}],"about":[{"href":"https:\/\/migration.bilkent.edu.tr\/index.php?rest_route=\/wp\/v2\/types\/page"}],"author":[{"embeddable":true,"href":"https:\/\/migration.bilkent.edu.tr\/index.php?rest_route=\/wp\/v2\/users\/1"}],"replies":[{"embeddable":true,"href":"https:\/\/migration.bilkent.edu.tr\/index.php?rest_route=%2Fwp%2Fv2%2Fcomments&post=100"}],"version-history":[{"count":3,"href":"https:\/\/migration.bilkent.edu.tr\/index.php?rest_route=\/wp\/v2\/pages\/100\/revisions"}],"predecessor-version":[{"id":158,"href":"https:\/\/migration.bilkent.edu.tr\/index.php?rest_route=\/wp\/v2\/pages\/100\/revisions\/158"}],"wp:attachment":[{"href":"https:\/\/migration.bilkent.edu.tr\/index.php?rest_route=%2Fwp%2Fv2%2Fmedia&parent=100"}],"curies":[{"name":"wp","href":"https:\/\/api.w.org\/{rel}","templated":true}]}}